{"id":46,"date":"2014-02-17T14:20:33","date_gmt":"2014-02-17T14:20:33","guid":{"rendered":"http:\/\/demo.themegrill.com\/radiate\/?page_id=46"},"modified":"2022-06-25T06:55:52","modified_gmt":"2022-06-25T06:55:52","slug":"kontakt-dr-amelie-ruderer","status":"publish","type":"page","link":"https:\/\/psychotherapie-dr-ruderer.de\/?page_id=46","title":{"rendered":"Kontakt"},"content":{"rendered":"<p>Bei Fragen oder zur Vereinbarung eines pers\u00f6nlichen Gespr\u00e4chs kontaktieren Sie mich gerne!<\/p>\n<p>E-Mail: mail@psychotherapie-dr-ruderer.de<br>Telefon: 0176.60 39 74 13<\/p>\n\n\n<p>Sie erreichen meine Praxis mit \u00f6ffentlichen Verkehrsmitteln am besten mit der U-Bahn Linie U6 &#8211; Haltestelle Gro\u00dfhadern. Von dort sind es ca. 5 min Fu\u00dfweg.<br><br>Falls Sie mit dem PKW zur Praxis kommen, stehen Ihnen in unmittelbarer N\u00e4he zahlreiche kostenlose Parkm\u00f6glichkeiten zur Verf\u00fcgung.<\/p>\n\n\n\n<p>Die Praxisr\u00e4ume befinden sich im 2. Obergescho\u00df mit sch\u00f6nem Blick auf den Garten.<\/p>\n\n\n\n<div style=\"height:54px\" aria-hidden=\"true\" class=\"wp-block-spacer\"><\/div>\n\n\n\n<p>Meine telefonischen Sprechzeiten:<\/p>\n\n\n\n<div class=\"wp-block-columns is-layout-flex wp-container-core-columns-is-layout-9d6595d7 wp-block-columns-is-layout-flex\">\n<div class=\"wp-block-column is-layout-flow wp-block-column-is-layout-flow\">\n<p>Montag<\/p>\n\n\n\n<p>8.30 &#8211; 9.00 <\/p>\n<\/div>\n\n\n\n<div class=\"wp-block-column is-layout-flow wp-block-column-is-layout-flow\">\n<p>Dienstag<\/p>\n\n\n\n<p>8.30 &#8211; 9.00<\/p>\n<\/div>\n\n\n\n<div class=\"wp-block-column is-layout-flow wp-block-column-is-layout-flow\">\n<p>Mittwoch<\/p>\n\n\n\n<p>12.30 &#8211; 13.00<\/p>\n<\/div>\n\n\n\n<div class=\"wp-block-column is-layout-flow wp-block-column-is-layout-flow\">\n<p>Donnerstag<\/p>\n\n\n\n<p>13.00 &#8211; 13.15<\/p>\n<\/div>\n\n\n\n<div class=\"wp-block-column is-layout-flow wp-block-column-is-layout-flow\">\n<div style=\"height:100px\" aria-hidden=\"true\" class=\"wp-block-spacer\"><\/div>\n<\/div>\n\n\n\n<div class=\"wp-block-column is-layout-flow wp-block-column-is-layout-flow\">\n<div style=\"height:100px\" aria-hidden=\"true\" class=\"wp-block-spacer\"><\/div>\n<\/div>\n<\/div>\n\n\n\n<p><\/p>\n","protected":false},"excerpt":{"rendered":"<p>Bei Fragen oder zur Vereinbarung eines pers\u00f6nlichen Gespr\u00e4chs kontaktieren Sie mich gerne!<\/p>\n<p>E-Mail: mail@psychotherapie-dr-ruderer.de<br \/>\nTelefon: 0176.60 39 74 13<\/p>\n","protected":false},"author":1,"featured_media":303,"parent":0,"menu_order":0,"comment_status":"closed","ping_status":"open","template":"","meta":{"footnotes":""},"class_list":["post-46","page","type-page","status-publish","has-post-thumbnail","hentry"],"aioseo_notices":[],"_links":{"self":[{"href":"https:\/\/psychotherapie-dr-ruderer.de\/index.php?rest_route=\/wp\/v2\/pages\/46","targetHints":{"allow":["GET"]}}],"collection":[{"href":"https:\/\/psychotherapie-dr-ruderer.de\/index.php?rest_route=\/wp\/v2\/pages"}],"about":[{"href":"https:\/\/psychotherapie-dr-ruderer.de\/index.php?rest_route=\/wp\/v2\/types\/page"}],"author":[{"embeddable":true,"href":"https:\/\/psychotherapie-dr-ruderer.de\/index.php?rest_route=\/wp\/v2\/users\/1"}],"replies":[{"embeddable":true,"href":"https:\/\/psychotherapie-dr-ruderer.de\/index.php?rest_route=%2Fwp%2Fv2%2Fcomments&post=46"}],"version-history":[{"count":11,"href":"https:\/\/psychotherapie-dr-ruderer.de\/index.php?rest_route=\/wp\/v2\/pages\/46\/revisions"}],"predecessor-version":[{"id":399,"href":"https:\/\/psychotherapie-dr-ruderer.de\/index.php?rest_route=\/wp\/v2\/pages\/46\/revisions\/399"}],"wp:featuredmedia":[{"embeddable":true,"href":"https:\/\/psychotherapie-dr-ruderer.de\/index.php?rest_route=\/wp\/v2\/media\/303"}],"wp:attachment":[{"href":"https:\/\/psychotherapie-dr-ruderer.de\/index.php?rest_route=%2Fwp%2Fv2%2Fmedia&parent=46"}],"curies":[{"name":"wp","href":"https:\/\/api.w.org\/{rel}","templated":true}]}}