{"id":44,"date":"2014-02-17T14:19:04","date_gmt":"2014-02-17T14:19:04","guid":{"rendered":"http:\/\/demo.themegrill.com\/radiate\/?page_id=44"},"modified":"2022-04-06T09:23:08","modified_gmt":"2022-04-06T09:23:08","slug":"simple-clean-design","status":"publish","type":"page","link":"https:\/\/psychotherapie-dr-ruderer.de\/?page_id=44","title":{"rendered":"Therapie"},"content":{"rendered":"\n<h2 class=\"wp-block-heading\">Klassische Verhaltenstherapie<\/h2>\n\n\n\n<div class=\"wp-block-columns is-layout-flex wp-container-core-columns-is-layout-9d6595d7 wp-block-columns-is-layout-flex\">\n<div class=\"wp-block-column is-layout-flow wp-block-column-is-layout-flow\" style=\"flex-basis:100%\">\n<div class=\"wp-block-columns is-layout-flex wp-container-core-columns-is-layout-9d6595d7 wp-block-columns-is-layout-flex\">\n<div class=\"wp-block-column is-layout-flow wp-block-column-is-layout-flow\" style=\"flex-basis:100%\">\n<div class=\"wp-block-columns is-layout-flex wp-container-core-columns-is-layout-9d6595d7 wp-block-columns-is-layout-flex\">\n<div class=\"wp-block-column is-layout-flow wp-block-column-is-layout-flow\" style=\"flex-basis:33.33%\">\n<figure class=\"wp-block-image size-large\"><img loading=\"lazy\" decoding=\"async\" width=\"683\" height=\"1024\" src=\"https:\/\/psychotherapie-dr-ruderer.de\/wp-content\/uploads\/2022\/04\/portrait_amelie_julian_bueckers_19-683x1024.jpg\" alt=\"\" class=\"wp-image-299\"\/><\/figure>\n<\/div>\n\n\n\n<div class=\"wp-block-column is-layout-flow wp-block-column-is-layout-flow\" style=\"flex-basis:66.66%\">\n<p>Die kognitive Verhaltenstherapie (KVT) ist in ihrer Wirksamkeit zur Behandlung vieler psychischer Erkrankungen durch zahlreiche wissenschaftliche Studien belegt und ein von den Krankenkassen anerkanntes Verfahren. Auf Basis einer fundierten Analyse aktueller Probleme und assoziierter Verhaltens- und Denkmuster werden konkrete Ver\u00e4nderungsziele zur Symptomreduktion erarbeitet. Zun\u00e4chst erstellen wir gemeinsam ein individuelles Erkl\u00e4rungsmodell ihrer Beschwerden in Entstehung und Aufrechterhaltung. Basierend darauf entwickeln wir einen Therapieplan zur Verbesserung ihrer Lebenssituation und psychischen Beschwerden. Mit Hilfe der kognitiven Verhaltenstherapie wollen wir ihr Repertoire an Denk- und Verhaltensmustern erweitern. Es geht darum, auch mal etwas Neues auszuprobieren, mit Gewohnheiten zu brechen und gesunde Strategien im Umgang mit Belastungen zu entwickeln. Symptome psychischer Erkrankungen sollen dabei gelindert werden und sich im besten Fall vollst\u00e4ndig zur\u00fcckbilden. Sie selbst sollen Experte\/in f\u00fcr ihre psychischen Beschwerden und deren Ursachen werden und lernen diese auch eigenst\u00e4ndig zu bew\u00e4ltigen. Auf diesem Weg begleite ich Sie gerne.<\/p>\n<\/div>\n<\/div>\n<\/div>\n<\/div>\n<\/div>\n<\/div>\n\n\n\n<div style=\"height:74px\" aria-hidden=\"true\" class=\"wp-block-spacer\"><\/div>\n\n\n\n<h2 class=\"wp-block-heading\">Schematherapie<\/h2>\n\n\n\n<div class=\"wp-block-columns is-layout-flex wp-container-core-columns-is-layout-9d6595d7 wp-block-columns-is-layout-flex\">\n<div class=\"wp-block-column is-layout-flow wp-block-column-is-layout-flow\" style=\"flex-basis:33.33%\">\n<figure class=\"wp-block-image size-large\"><img loading=\"lazy\" decoding=\"async\" width=\"683\" height=\"1024\" src=\"https:\/\/psychotherapie-dr-ruderer.de\/wp-content\/uploads\/2022\/04\/portrait_amelie_julian_bueckers_24-683x1024.jpg\" alt=\"\" class=\"wp-image-304\"\/><\/figure>\n<\/div>\n\n\n\n<div class=\"wp-block-column is-layout-flow wp-block-column-is-layout-flow\" style=\"flex-basis:66.66%\">\n<p>Die Schematherapie ist eine aktuelle Weiterentwicklung der kognitiven Verhaltenstherapie durch Jeffrey Young (New York). In der Schematherapie wollen wir ein besseres Verst\u00e4ndnis f\u00fcr die Schemata erarbeiten, die das Verhalten unbewusst steuern. Ein Schema ist ein automatisches Reaktionsmuster aus Gedanken, Gef\u00fchlen, K\u00f6rperempfindungen und Verhaltensweisen, das in bestimmten \u201eTrigger\u201c-Situationen meist ganz automatisch abl\u00e4uft. Es ist ungef\u00e4hr so, als ob man mit dem Finger in eine alte Wunde dr\u00fcckt. Das tut weh und l\u00f6st vielleicht auch Erinnerungen und unangenehme Gef\u00fchle aus. Man m\u00f6chte etwas tun, um den Schmerz zu lindern. Unangenehme Gef\u00fchle, die durch eine Schemaaktivierung ausgel\u00f6st werden, versuchen wir Menschen in der Regel zu lindern, also auf irgendeine Art zu bew\u00e4ltigen. Dabei haben wir gesunde und ungesunde Bew\u00e4ltigungsstrategien entwickelt. Ung\u00fcnstige Bew\u00e4ltigungsstrategien sind zum Beispiel Vermeidung (Flucht), Unterwerfung (Erstarren) oder Kampf (\u00dcberkompensation). In der Schematherapie wollen wir die Bew\u00e4ltigungsstrategien kritisch hinterfragen und ges\u00fcndere Alternativen entwickeln. Zudem ist es Ziel das innere Kind zu tr\u00f6sten und zu versorgen und kritische, fordernde oder zweifelnde innere Anteile zu begrenzen. Das emotionale Erleben steht in der Schematherapie im Vordergrund und es werden emotionsfokussierte Techniken, wie z.B. Imaginations\u00fcbungen und Stuhltechniken eingesetzt. Intensiver als in der kognitiven Verhaltenstherapie werden auch biographische Aspekte in die Therapie einbezogen. Die Schematherapie wird im Rahmen der kognitiven Verhaltenstherapie erg\u00e4nzend und individuell eingesetzt.<\/p>\n\n\n\n<p>Verletzungen oder Wunden, die in der Vergangenheit entstanden sind, k\u00f6nnen auch im Hier und Jetzt noch schmerzen und unser Denken, F\u00fchlen und Handeln beeinflussen. In der Schematherapie arbeiten wir daran, diese Verletzungen anzunehmen, sie aber gleichzeitig auch nicht mehr auf die Gegenwart wirken zu lassen, so dass sie letztlich keine Macht mehr \u00fcber uns in der Gegenwart haben. Daraus entsteht ein Gewinn an Flexibilit\u00e4t in Denken, F\u00fchlen und Handeln. Auf diesem Weg unterst\u00fctze ich Sie gerne.<\/p>\n<\/div>\n<\/div>\n","protected":false},"excerpt":{"rendered":"<p>Verhaltenstherapie<br \/>\nin Einzel- und Gruppensitzungen<\/p>\n<p>Schematherapie<br \/>\nin Einzel- und Gruppensitzungen<\/p>\n<p>Supervision<\/p>\n","protected":false},"author":1,"featured_media":296,"parent":0,"menu_order":0,"comment_status":"closed","ping_status":"open","template":"","meta":{"footnotes":""},"class_list":["post-44","page","type-page","status-publish","has-post-thumbnail","hentry"],"aioseo_notices":[],"_links":{"self":[{"href":"https:\/\/psychotherapie-dr-ruderer.de\/index.php?rest_route=\/wp\/v2\/pages\/44","targetHints":{"allow":["GET"]}}],"collection":[{"href":"https:\/\/psychotherapie-dr-ruderer.de\/index.php?rest_route=\/wp\/v2\/pages"}],"about":[{"href":"https:\/\/psychotherapie-dr-ruderer.de\/index.php?rest_route=\/wp\/v2\/types\/page"}],"author":[{"embeddable":true,"href":"https:\/\/psychotherapie-dr-ruderer.de\/index.php?rest_route=\/wp\/v2\/users\/1"}],"replies":[{"embeddable":true,"href":"https:\/\/psychotherapie-dr-ruderer.de\/index.php?rest_route=%2Fwp%2Fv2%2Fcomments&post=44"}],"version-history":[{"count":7,"href":"https:\/\/psychotherapie-dr-ruderer.de\/index.php?rest_route=\/wp\/v2\/pages\/44\/revisions"}],"predecessor-version":[{"id":384,"href":"https:\/\/psychotherapie-dr-ruderer.de\/index.php?rest_route=\/wp\/v2\/pages\/44\/revisions\/384"}],"wp:featuredmedia":[{"embeddable":true,"href":"https:\/\/psychotherapie-dr-ruderer.de\/index.php?rest_route=\/wp\/v2\/media\/296"}],"wp:attachment":[{"href":"https:\/\/psychotherapie-dr-ruderer.de\/index.php?rest_route=%2Fwp%2Fv2%2Fmedia&parent=44"}],"curies":[{"name":"wp","href":"https:\/\/api.w.org\/{rel}","templated":true}]}}