{"id":42,"date":"2014-02-17T14:18:05","date_gmt":"2014-02-17T14:18:05","guid":{"rendered":"http:\/\/demo.themegrill.com\/radiate\/?page_id=42"},"modified":"2022-06-25T06:59:49","modified_gmt":"2022-06-25T06:59:49","slug":"parallax-header","status":"publish","type":"page","link":"https:\/\/psychotherapie-dr-ruderer.de\/?page_id=42","title":{"rendered":"Vita"},"content":{"rendered":"\n<p>Studium der Psychologie an der Paris-Lodron-Universit\u00e4t Salzburg<br><\/p>\n\n\n\n<p>Ausbildung zur Psychologischen Psychotherapeutin und anschlie\u00dfend Mitarbeit an&nbsp;der Bayerischen Privaten Akademie f\u00fcr Psychotherapie \u2013 BAP GmbH, M\u00fcnchen mit Schwerpunkt strategisch-behaviorale Therapie<br><\/p>\n\n\n\n<p>Promotion an der Klinik f\u00fcr Psychiatrie und Psychotherapie, Ludwig-Maximilians-Universit\u00e4t, M\u00fcnchen zum Thema Raucherberatung- und entw\u00f6hnung bei station\u00e4ren Patienten mit komorbider Suchterkrankung<br><\/p>\n\n\n\n<p>T\u00e4tigkeit als Psychologische Psychotherapeutin und wissenschaftliche Mitarbeiterin im Max-Plank-Institut f\u00fcr Psychiatrie, M\u00fcnchen. Deputy Head of Psychology<br><\/p>\n\n\n\n<p>Standard-zertifizierte Schematherapeutin (ISST)<br><\/p>\n\n\n\n<p>Zertifizierte Supervisorin (vfkv)<\/p>\n","protected":false},"excerpt":{"rendered":"<p>Dr. Amelie Ruderer<\/p>\n<p>Psychologische Psychotherapeutin<br \/>\nSupervisorin f\u00fcr Verhaltenstherapie<br \/>\nStandard-zertifizierte Schematherapeutin (ISST)<\/p>\n","protected":false},"author":1,"featured_media":279,"parent":0,"menu_order":0,"comment_status":"closed","ping_status":"open","template":"","meta":{"footnotes":""},"class_list":["post-42","page","type-page","status-publish","has-post-thumbnail","hentry"],"aioseo_notices":[],"_links":{"self":[{"href":"https:\/\/psychotherapie-dr-ruderer.de\/index.php?rest_route=\/wp\/v2\/pages\/42","targetHints":{"allow":["GET"]}}],"collection":[{"href":"https:\/\/psychotherapie-dr-ruderer.de\/index.php?rest_route=\/wp\/v2\/pages"}],"about":[{"href":"https:\/\/psychotherapie-dr-ruderer.de\/index.php?rest_route=\/wp\/v2\/types\/page"}],"author":[{"embeddable":true,"href":"https:\/\/psychotherapie-dr-ruderer.de\/index.php?rest_route=\/wp\/v2\/users\/1"}],"replies":[{"embeddable":true,"href":"https:\/\/psychotherapie-dr-ruderer.de\/index.php?rest_route=%2Fwp%2Fv2%2Fcomments&post=42"}],"version-history":[{"count":14,"href":"https:\/\/psychotherapie-dr-ruderer.de\/index.php?rest_route=\/wp\/v2\/pages\/42\/revisions"}],"predecessor-version":[{"id":401,"href":"https:\/\/psychotherapie-dr-ruderer.de\/index.php?rest_route=\/wp\/v2\/pages\/42\/revisions\/401"}],"wp:featuredmedia":[{"embeddable":true,"href":"https:\/\/psychotherapie-dr-ruderer.de\/index.php?rest_route=\/wp\/v2\/media\/279"}],"wp:attachment":[{"href":"https:\/\/psychotherapie-dr-ruderer.de\/index.php?rest_route=%2Fwp%2Fv2%2Fmedia&parent=42"}],"curies":[{"name":"wp","href":"https:\/\/api.w.org\/{rel}","templated":true}]}}